{"id":455,"date":"2025-07-30T15:35:47","date_gmt":"2025-07-30T13:35:47","guid":{"rendered":"https:\/\/mediation-dessin.com\/?page_id=455"},"modified":"2025-08-05T08:49:58","modified_gmt":"2025-08-05T06:49:58","slug":"projets-en-cours","status":"publish","type":"page","link":"https:\/\/mediation-dessin.com\/?page_id=455","title":{"rendered":"Projets en cours"},"content":{"rendered":"\n<p><\/p>\n\n\n\n<p>J&rsquo;ai \u00e9t\u00e9 contact\u00e9e par le <a href=\"https:\/\/musees.isere.fr\/musee\/musee-dauphinois\">mus\u00e9e Dauphinois<\/a> en 2024 pour produire des cartes postales originales \u00e0 partir de portraits en dessin du mus\u00e9e. Cependant les budgets \u00e9tants ce qu&rsquo;ils sont, la demande est suspendue.<\/p>\n\n\n\n<p>Nous avions d\u00e9fini les formats et le nombres de dessins, avec la vue \u00e0 dessiner pour chaque carte postale. Avec l&rsquo;autorisation de mes clients, je me permets parfois une d\u00e9formation de l&rsquo;espace \u00e0 partir de photos afin de proposer un dessin d\u00e9cal\u00e9 et pourtant proche du lieu observ\u00e9. Par exemple, la vue du clo\u00eetre du mus\u00e9e Dauphinois ci-dessous.<\/p>\n\n\n\n<p><\/p>\n\n\n\n<figure class=\"wp-block-gallery has-nested-images columns-default is-cropped wp-block-gallery-1 is-layout-flex wp-block-gallery-is-layout-flex\">\n<figure class=\"wp-block-image size-large\"><a href=\"https:\/\/mediation-dessin.com\/wp-content\/uploads\/2025\/07\/A4-scaled.jpg\"><img loading=\"lazy\" decoding=\"async\" width=\"1024\" height=\"729\" data-id=\"459\" src=\"https:\/\/mediation-dessin.com\/wp-content\/uploads\/2025\/07\/A4-1024x729.jpg\" alt=\"\" class=\"wp-image-459\" srcset=\"https:\/\/mediation-dessin.com\/wp-content\/uploads\/2025\/07\/A4-1024x729.jpg 1024w, https:\/\/mediation-dessin.com\/wp-content\/uploads\/2025\/07\/A4-300x214.jpg 300w, https:\/\/mediation-dessin.com\/wp-content\/uploads\/2025\/07\/A4-768x547.jpg 768w, https:\/\/mediation-dessin.com\/wp-content\/uploads\/2025\/07\/A4-1536x1093.jpg 1536w, https:\/\/mediation-dessin.com\/wp-content\/uploads\/2025\/07\/A4-2048x1458.jpg 2048w, https:\/\/mediation-dessin.com\/wp-content\/uploads\/2025\/07\/A4-1200x854.jpg 1200w, https:\/\/mediation-dessin.com\/wp-content\/uploads\/2025\/07\/A4-1980x1409.jpg 1980w\" sizes=\"auto, (max-width: 1024px) 100vw, 1024px\" \/><\/a><\/figure>\n<\/figure>\n\n\n\n<p><\/p>\n\n\n\n<p>Affaire \u00e0 suivre&#8230; <\/p>\n\n\n\n<p><\/p>\n\n\n\n<p>Par ailleurs, une architecte d&rsquo;int\u00e9rieure m&rsquo;a contact\u00e9e par instagram pour r\u00e9aliser 12 dessins des 12 chambres d&rsquo;un h\u00f4tel particulier \u00e0 Paris. Le devis est valid\u00e9, les travaux sont en cours, il y font un gros travail de r\u00e9novation. Il est pr\u00e9vu que je me rende sur place \u00e0 la fin des travaux pour prendre les photos n\u00e9cessaires \u00e0 mon travail qui aura lieu en atelier cet fois. Un autre affaire en cours&#8230;<\/p>\n","protected":false},"excerpt":{"rendered":"<p>J&rsquo;ai \u00e9t\u00e9 contact\u00e9e par le mus\u00e9e Dauphinois en 2024 pour produire des cartes postales originales \u00e0 partir de portraits en dessin du mus\u00e9e. Cependant les budgets \u00e9tants ce qu&rsquo;ils sont, la demande est suspendue. Nous avions d\u00e9fini les formats et le nombres de dessins, avec la vue \u00e0 dessiner pour chaque carte postale. Avec l&rsquo;autorisation [&hellip;]<\/p>\n","protected":false},"author":1,"featured_media":218,"parent":0,"menu_order":0,"comment_status":"closed","ping_status":"closed","template":"","meta":{"footnotes":""},"class_list":["post-455","page","type-page","status-publish","has-post-thumbnail","hentry"],"_links":{"self":[{"href":"https:\/\/mediation-dessin.com\/index.php?rest_route=\/wp\/v2\/pages\/455","targetHints":{"allow":["GET"]}}],"collection":[{"href":"https:\/\/mediation-dessin.com\/index.php?rest_route=\/wp\/v2\/pages"}],"about":[{"href":"https:\/\/mediation-dessin.com\/index.php?rest_route=\/wp\/v2\/types\/page"}],"author":[{"embeddable":true,"href":"https:\/\/mediation-dessin.com\/index.php?rest_route=\/wp\/v2\/users\/1"}],"replies":[{"embeddable":true,"href":"https:\/\/mediation-dessin.com\/index.php?rest_route=%2Fwp%2Fv2%2Fcomments&post=455"}],"version-history":[{"count":6,"href":"https:\/\/mediation-dessin.com\/index.php?rest_route=\/wp\/v2\/pages\/455\/revisions"}],"predecessor-version":[{"id":482,"href":"https:\/\/mediation-dessin.com\/index.php?rest_route=\/wp\/v2\/pages\/455\/revisions\/482"}],"wp:featuredmedia":[{"embeddable":true,"href":"https:\/\/mediation-dessin.com\/index.php?rest_route=\/wp\/v2\/media\/218"}],"wp:attachment":[{"href":"https:\/\/mediation-dessin.com\/index.php?rest_route=%2Fwp%2Fv2%2Fmedia&parent=455"}],"curies":[{"name":"wp","href":"https:\/\/api.w.org\/{rel}","templated":true}]}}