{"id":443,"date":"2025-07-30T14:17:52","date_gmt":"2025-07-30T12:17:52","guid":{"rendered":"https:\/\/mediation-dessin.com\/?page_id=443"},"modified":"2025-07-30T15:33:08","modified_gmt":"2025-07-30T13:33:08","slug":"ateliers-dessins","status":"publish","type":"page","link":"https:\/\/mediation-dessin.com\/?page_id=443","title":{"rendered":"Ateliers dessin"},"content":{"rendered":"\n<p><\/p>\n\n\n\n<p>Je propose et j&rsquo;anime r\u00e9guli\u00e8rement des ateliers dessins sous plusieurs formes : priv\u00e9s pour une ou plusieurs personnes, parfois des groupes, mais aussi pour des comit\u00e9s d&rsquo;entreprises. La forme qui nous int\u00e9resse ici est l&rsquo;atelier dessin destin\u00e9 aux publics de mus\u00e9es et d&rsquo;instituts. Je m&rsquo;adresse \u00e0 des enfants de tous \u00e2ges, mais aussi \u00e0 des jeunes et des jeunes adultes, et bien entendu \u00e0 des adultes et des s\u00e9niors. Je m&rsquo;adapte aux publics avec comme but commun \u00e0 tous les ateliers, l&rsquo;acquisition d&rsquo;une certaine technique ou capacit\u00e9 en dessin, que je nomme le couple \u00ab\u00a0observation \/ l\u00e2cher prise\u00a0\u00bb. Nous utilisons un simple stylo noir, sans corriger, sans gomme, et nous passons un moment ensemble, plus ou moins dirig\u00e9, encadr\u00e9 selon les attentes de l&rsquo;organisateur et des participant<strong>\u2e31<\/strong>es afin de dessiner l&rsquo;espace qui nous entoure.<\/p>\n\n\n\n<p>J&rsquo;accepte jusqu&rsquo;\u00e0 12 personnes lors d&rsquo;un atelier, et les enfants \u00e0 partir de 7 ans. <\/p>\n\n\n\n<p><\/p>\n\n\n\n<p>Quelques ateliers et cours de dessin en images :<\/p>\n\n\n\n<p><\/p>\n\n\n\n<figure class=\"wp-block-gallery has-nested-images columns-default is-cropped wp-block-gallery-1 is-layout-flex wp-block-gallery-is-layout-flex\">\n<figure class=\"wp-block-image size-large\"><a href=\"https:\/\/mediation-dessin.com\/wp-content\/uploads\/2025\/07\/IMG_20220430_161047-scaled.jpg\"><img loading=\"lazy\" decoding=\"async\" width=\"768\" height=\"1024\" data-id=\"389\" src=\"https:\/\/mediation-dessin.com\/wp-content\/uploads\/2025\/07\/IMG_20220430_161047-768x1024.jpg\" alt=\"\" class=\"wp-image-389\" srcset=\"https:\/\/mediation-dessin.com\/wp-content\/uploads\/2025\/07\/IMG_20220430_161047-768x1024.jpg 768w, https:\/\/mediation-dessin.com\/wp-content\/uploads\/2025\/07\/IMG_20220430_161047-225x300.jpg 225w, https:\/\/mediation-dessin.com\/wp-content\/uploads\/2025\/07\/IMG_20220430_161047-1152x1536.jpg 1152w, https:\/\/mediation-dessin.com\/wp-content\/uploads\/2025\/07\/IMG_20220430_161047-1536x2048.jpg 1536w, https:\/\/mediation-dessin.com\/wp-content\/uploads\/2025\/07\/IMG_20220430_161047-1200x1600.jpg 1200w, https:\/\/mediation-dessin.com\/wp-content\/uploads\/2025\/07\/IMG_20220430_161047-1980x2640.jpg 1980w, https:\/\/mediation-dessin.com\/wp-content\/uploads\/2025\/07\/IMG_20220430_161047-scaled.jpg 1920w\" sizes=\"auto, (max-width: 768px) 100vw, 768px\" \/><\/a><\/figure>\n\n\n\n<figure class=\"wp-block-image size-large\"><a href=\"https:\/\/mediation-dessin.com\/wp-content\/uploads\/2025\/07\/IMG_20220427_151052-scaled.jpg\"><img loading=\"lazy\" decoding=\"async\" width=\"1024\" height=\"768\" data-id=\"385\" src=\"https:\/\/mediation-dessin.com\/wp-content\/uploads\/2025\/07\/IMG_20220427_151052-1024x768.jpg\" alt=\"\" class=\"wp-image-385\" srcset=\"https:\/\/mediation-dessin.com\/wp-content\/uploads\/2025\/07\/IMG_20220427_151052-1024x768.jpg 1024w, https:\/\/mediation-dessin.com\/wp-content\/uploads\/2025\/07\/IMG_20220427_151052-300x225.jpg 300w, https:\/\/mediation-dessin.com\/wp-content\/uploads\/2025\/07\/IMG_20220427_151052-768x576.jpg 768w, https:\/\/mediation-dessin.com\/wp-content\/uploads\/2025\/07\/IMG_20220427_151052-1536x1152.jpg 1536w, https:\/\/mediation-dessin.com\/wp-content\/uploads\/2025\/07\/IMG_20220427_151052-2048x1536.jpg 2048w, https:\/\/mediation-dessin.com\/wp-content\/uploads\/2025\/07\/IMG_20220427_151052-1200x900.jpg 1200w, https:\/\/mediation-dessin.com\/wp-content\/uploads\/2025\/07\/IMG_20220427_151052-1980x1485.jpg 1980w\" sizes=\"auto, (max-width: 1024px) 100vw, 1024px\" \/><\/a><\/figure>\n\n\n\n<figure class=\"wp-block-image size-large\"><a href=\"https:\/\/mediation-dessin.com\/wp-content\/uploads\/2025\/07\/IMG_20220427_151044-1-scaled.jpg\"><img loading=\"lazy\" decoding=\"async\" width=\"1024\" height=\"768\" data-id=\"384\" src=\"https:\/\/mediation-dessin.com\/wp-content\/uploads\/2025\/07\/IMG_20220427_151044-1-1024x768.jpg\" alt=\"\" class=\"wp-image-384\" srcset=\"https:\/\/mediation-dessin.com\/wp-content\/uploads\/2025\/07\/IMG_20220427_151044-1-1024x768.jpg 1024w, https:\/\/mediation-dessin.com\/wp-content\/uploads\/2025\/07\/IMG_20220427_151044-1-300x225.jpg 300w, https:\/\/mediation-dessin.com\/wp-content\/uploads\/2025\/07\/IMG_20220427_151044-1-768x576.jpg 768w, https:\/\/mediation-dessin.com\/wp-content\/uploads\/2025\/07\/IMG_20220427_151044-1-1536x1152.jpg 1536w, https:\/\/mediation-dessin.com\/wp-content\/uploads\/2025\/07\/IMG_20220427_151044-1-2048x1536.jpg 2048w, https:\/\/mediation-dessin.com\/wp-content\/uploads\/2025\/07\/IMG_20220427_151044-1-1200x900.jpg 1200w, https:\/\/mediation-dessin.com\/wp-content\/uploads\/2025\/07\/IMG_20220427_151044-1-1980x1485.jpg 1980w\" sizes=\"auto, (max-width: 1024px) 100vw, 1024px\" \/><\/a><\/figure>\n\n\n\n<figure class=\"wp-block-image size-large\"><a href=\"https:\/\/mediation-dessin.com\/wp-content\/uploads\/2025\/07\/IMG_20220427_151030-1-scaled.jpg\"><img loading=\"lazy\" decoding=\"async\" width=\"768\" height=\"1024\" data-id=\"383\" src=\"https:\/\/mediation-dessin.com\/wp-content\/uploads\/2025\/07\/IMG_20220427_151030-1-768x1024.jpg\" alt=\"\" class=\"wp-image-383\" srcset=\"https:\/\/mediation-dessin.com\/wp-content\/uploads\/2025\/07\/IMG_20220427_151030-1-768x1024.jpg 768w, https:\/\/mediation-dessin.com\/wp-content\/uploads\/2025\/07\/IMG_20220427_151030-1-225x300.jpg 225w, https:\/\/mediation-dessin.com\/wp-content\/uploads\/2025\/07\/IMG_20220427_151030-1-1152x1536.jpg 1152w, https:\/\/mediation-dessin.com\/wp-content\/uploads\/2025\/07\/IMG_20220427_151030-1-1536x2048.jpg 1536w, https:\/\/mediation-dessin.com\/wp-content\/uploads\/2025\/07\/IMG_20220427_151030-1-1200x1600.jpg 1200w, https:\/\/mediation-dessin.com\/wp-content\/uploads\/2025\/07\/IMG_20220427_151030-1-1980x2640.jpg 1980w, https:\/\/mediation-dessin.com\/wp-content\/uploads\/2025\/07\/IMG_20220427_151030-1-scaled.jpg 1920w\" sizes=\"auto, (max-width: 768px) 100vw, 768px\" \/><\/a><\/figure>\n\n\n\n<figure class=\"wp-block-image size-large\"><a href=\"https:\/\/mediation-dessin.com\/wp-content\/uploads\/2025\/07\/IMG_20220430_161038-scaled.jpg\"><img loading=\"lazy\" decoding=\"async\" width=\"768\" height=\"1024\" data-id=\"388\" src=\"https:\/\/mediation-dessin.com\/wp-content\/uploads\/2025\/07\/IMG_20220430_161038-768x1024.jpg\" alt=\"\" class=\"wp-image-388\" srcset=\"https:\/\/mediation-dessin.com\/wp-content\/uploads\/2025\/07\/IMG_20220430_161038-768x1024.jpg 768w, https:\/\/mediation-dessin.com\/wp-content\/uploads\/2025\/07\/IMG_20220430_161038-225x300.jpg 225w, https:\/\/mediation-dessin.com\/wp-content\/uploads\/2025\/07\/IMG_20220430_161038-1152x1536.jpg 1152w, https:\/\/mediation-dessin.com\/wp-content\/uploads\/2025\/07\/IMG_20220430_161038-1536x2048.jpg 1536w, https:\/\/mediation-dessin.com\/wp-content\/uploads\/2025\/07\/IMG_20220430_161038-1200x1600.jpg 1200w, https:\/\/mediation-dessin.com\/wp-content\/uploads\/2025\/07\/IMG_20220430_161038-1980x2640.jpg 1980w, https:\/\/mediation-dessin.com\/wp-content\/uploads\/2025\/07\/IMG_20220430_161038-scaled.jpg 1920w\" sizes=\"auto, (max-width: 768px) 100vw, 768px\" \/><\/a><\/figure>\n\n\n\n<figure class=\"wp-block-image size-large\"><a href=\"https:\/\/mediation-dessin.com\/wp-content\/uploads\/2025\/07\/IMG_20220427_151044-scaled.jpg\"><img loading=\"lazy\" decoding=\"async\" width=\"2560\" height=\"1920\" data-id=\"380\" src=\"https:\/\/mediation-dessin.com\/wp-content\/uploads\/2025\/07\/IMG_20220427_151044-scaled.jpg\" alt=\"\" class=\"wp-image-380\" srcset=\"https:\/\/mediation-dessin.com\/wp-content\/uploads\/2025\/07\/IMG_20220427_151044-scaled.jpg 2560w, https:\/\/mediation-dessin.com\/wp-content\/uploads\/2025\/07\/IMG_20220427_151044-300x225.jpg 300w\" sizes=\"auto, (max-width: 2560px) 100vw, 2560px\" \/><\/a><\/figure>\n\n\n\n<figure class=\"wp-block-image size-large\"><a href=\"https:\/\/mediation-dessin.com\/wp-content\/uploads\/2025\/07\/IMG_20220427_151030.jpg\"><img decoding=\"async\" data-id=\"376\" src=\"https:\/\/mediation-dessin.com\/wp-content\/uploads\/2025\/07\/IMG_20220427_151030.jpg\" alt=\"\" class=\"wp-image-376\"\/><\/a><\/figure>\n\n\n\n<figure class=\"wp-block-image size-large\"><a href=\"https:\/\/mediation-dessin.com\/wp-content\/uploads\/2025\/07\/IMG_20220427_162159-scaled.jpg\"><img loading=\"lazy\" decoding=\"async\" width=\"1024\" height=\"768\" data-id=\"381\" src=\"https:\/\/mediation-dessin.com\/wp-content\/uploads\/2025\/07\/IMG_20220427_162159-1024x768.jpg\" alt=\"\" class=\"wp-image-381\" srcset=\"https:\/\/mediation-dessin.com\/wp-content\/uploads\/2025\/07\/IMG_20220427_162159-1024x768.jpg 1024w, https:\/\/mediation-dessin.com\/wp-content\/uploads\/2025\/07\/IMG_20220427_162159-300x225.jpg 300w, https:\/\/mediation-dessin.com\/wp-content\/uploads\/2025\/07\/IMG_20220427_162159-768x576.jpg 768w, https:\/\/mediation-dessin.com\/wp-content\/uploads\/2025\/07\/IMG_20220427_162159-1536x1152.jpg 1536w, https:\/\/mediation-dessin.com\/wp-content\/uploads\/2025\/07\/IMG_20220427_162159-2048x1536.jpg 2048w, https:\/\/mediation-dessin.com\/wp-content\/uploads\/2025\/07\/IMG_20220427_162159-1200x900.jpg 1200w, https:\/\/mediation-dessin.com\/wp-content\/uploads\/2025\/07\/IMG_20220427_162159-1980x1485.jpg 1980w\" sizes=\"auto, (max-width: 1024px) 100vw, 1024px\" \/><\/a><\/figure>\n\n\n\n<figure class=\"wp-block-image size-large\"><a href=\"https:\/\/mediation-dessin.com\/wp-content\/uploads\/2025\/07\/IMG_20220427_162202-scaled.jpg\"><img loading=\"lazy\" decoding=\"async\" width=\"1024\" height=\"768\" data-id=\"382\" src=\"https:\/\/mediation-dessin.com\/wp-content\/uploads\/2025\/07\/IMG_20220427_162202-1024x768.jpg\" alt=\"\" class=\"wp-image-382\" srcset=\"https:\/\/mediation-dessin.com\/wp-content\/uploads\/2025\/07\/IMG_20220427_162202-1024x768.jpg 1024w, https:\/\/mediation-dessin.com\/wp-content\/uploads\/2025\/07\/IMG_20220427_162202-300x225.jpg 300w, https:\/\/mediation-dessin.com\/wp-content\/uploads\/2025\/07\/IMG_20220427_162202-768x576.jpg 768w, https:\/\/mediation-dessin.com\/wp-content\/uploads\/2025\/07\/IMG_20220427_162202-1536x1152.jpg 1536w, https:\/\/mediation-dessin.com\/wp-content\/uploads\/2025\/07\/IMG_20220427_162202-2048x1536.jpg 2048w, https:\/\/mediation-dessin.com\/wp-content\/uploads\/2025\/07\/IMG_20220427_162202-1200x900.jpg 1200w, https:\/\/mediation-dessin.com\/wp-content\/uploads\/2025\/07\/IMG_20220427_162202-1980x1485.jpg 1980w\" sizes=\"auto, (max-width: 1024px) 100vw, 1024px\" \/><\/a><\/figure>\n<\/figure>\n\n\n\n<p><\/p>\n\n\n\n<p>Les dessins du public :<\/p>\n\n\n\n<p><\/p>\n\n\n\n<figure class=\"wp-block-gallery has-nested-images columns-default is-cropped wp-block-gallery-2 is-layout-flex wp-block-gallery-is-layout-flex\">\n<figure class=\"wp-block-image size-large\"><a href=\"https:\/\/mediation-dessin.com\/wp-content\/uploads\/2025\/07\/IMG_20220430_171820-1-scaled.jpg\"><img loading=\"lazy\" decoding=\"async\" width=\"1024\" height=\"768\" data-id=\"417\" src=\"https:\/\/mediation-dessin.com\/wp-content\/uploads\/2025\/07\/IMG_20220430_171820-1-1024x768.jpg\" alt=\"\" class=\"wp-image-417\" srcset=\"https:\/\/mediation-dessin.com\/wp-content\/uploads\/2025\/07\/IMG_20220430_171820-1-1024x768.jpg 1024w, https:\/\/mediation-dessin.com\/wp-content\/uploads\/2025\/07\/IMG_20220430_171820-1-300x225.jpg 300w, https:\/\/mediation-dessin.com\/wp-content\/uploads\/2025\/07\/IMG_20220430_171820-1-768x576.jpg 768w, https:\/\/mediation-dessin.com\/wp-content\/uploads\/2025\/07\/IMG_20220430_171820-1-1536x1152.jpg 1536w, https:\/\/mediation-dessin.com\/wp-content\/uploads\/2025\/07\/IMG_20220430_171820-1-2048x1536.jpg 2048w, https:\/\/mediation-dessin.com\/wp-content\/uploads\/2025\/07\/IMG_20220430_171820-1-1200x900.jpg 1200w, https:\/\/mediation-dessin.com\/wp-content\/uploads\/2025\/07\/IMG_20220430_171820-1-1980x1485.jpg 1980w\" sizes=\"auto, (max-width: 1024px) 100vw, 1024px\" \/><\/a><\/figure>\n\n\n\n<figure class=\"wp-block-image size-large\"><a href=\"https:\/\/mediation-dessin.com\/wp-content\/uploads\/2025\/07\/IMG_20220430_171759-scaled.jpg\"><img loading=\"lazy\" decoding=\"async\" width=\"1024\" height=\"768\" data-id=\"416\" src=\"https:\/\/mediation-dessin.com\/wp-content\/uploads\/2025\/07\/IMG_20220430_171759-1024x768.jpg\" alt=\"\" class=\"wp-image-416\" srcset=\"https:\/\/mediation-dessin.com\/wp-content\/uploads\/2025\/07\/IMG_20220430_171759-1024x768.jpg 1024w, https:\/\/mediation-dessin.com\/wp-content\/uploads\/2025\/07\/IMG_20220430_171759-300x225.jpg 300w, https:\/\/mediation-dessin.com\/wp-content\/uploads\/2025\/07\/IMG_20220430_171759-768x576.jpg 768w, https:\/\/mediation-dessin.com\/wp-content\/uploads\/2025\/07\/IMG_20220430_171759-1536x1152.jpg 1536w, https:\/\/mediation-dessin.com\/wp-content\/uploads\/2025\/07\/IMG_20220430_171759-2048x1536.jpg 2048w, https:\/\/mediation-dessin.com\/wp-content\/uploads\/2025\/07\/IMG_20220430_171759-1200x900.jpg 1200w, https:\/\/mediation-dessin.com\/wp-content\/uploads\/2025\/07\/IMG_20220430_171759-1980x1485.jpg 1980w\" sizes=\"auto, (max-width: 1024px) 100vw, 1024px\" \/><\/a><\/figure>\n\n\n\n<figure class=\"wp-block-image size-large\"><a href=\"https:\/\/mediation-dessin.com\/wp-content\/uploads\/2025\/07\/IMG_20220430_170110-1-scaled.jpg\"><img loading=\"lazy\" decoding=\"async\" width=\"1024\" height=\"768\" data-id=\"415\" src=\"https:\/\/mediation-dessin.com\/wp-content\/uploads\/2025\/07\/IMG_20220430_170110-1-1024x768.jpg\" alt=\"\" class=\"wp-image-415\" srcset=\"https:\/\/mediation-dessin.com\/wp-content\/uploads\/2025\/07\/IMG_20220430_170110-1-1024x768.jpg 1024w, https:\/\/mediation-dessin.com\/wp-content\/uploads\/2025\/07\/IMG_20220430_170110-1-300x225.jpg 300w, https:\/\/mediation-dessin.com\/wp-content\/uploads\/2025\/07\/IMG_20220430_170110-1-768x576.jpg 768w, https:\/\/mediation-dessin.com\/wp-content\/uploads\/2025\/07\/IMG_20220430_170110-1-1536x1152.jpg 1536w, https:\/\/mediation-dessin.com\/wp-content\/uploads\/2025\/07\/IMG_20220430_170110-1-2048x1536.jpg 2048w, https:\/\/mediation-dessin.com\/wp-content\/uploads\/2025\/07\/IMG_20220430_170110-1-1200x900.jpg 1200w, https:\/\/mediation-dessin.com\/wp-content\/uploads\/2025\/07\/IMG_20220430_170110-1-1980x1485.jpg 1980w\" sizes=\"auto, (max-width: 1024px) 100vw, 1024px\" \/><\/a><\/figure>\n\n\n\n<figure class=\"wp-block-image size-large\"><a href=\"https:\/\/mediation-dessin.com\/wp-content\/uploads\/2025\/07\/IMG_20220430_170726-scaled.jpg\"><img loading=\"lazy\" decoding=\"async\" width=\"768\" height=\"1024\" data-id=\"414\" src=\"https:\/\/mediation-dessin.com\/wp-content\/uploads\/2025\/07\/IMG_20220430_170726-768x1024.jpg\" alt=\"\" class=\"wp-image-414\" srcset=\"https:\/\/mediation-dessin.com\/wp-content\/uploads\/2025\/07\/IMG_20220430_170726-768x1024.jpg 768w, https:\/\/mediation-dessin.com\/wp-content\/uploads\/2025\/07\/IMG_20220430_170726-225x300.jpg 225w, https:\/\/mediation-dessin.com\/wp-content\/uploads\/2025\/07\/IMG_20220430_170726-1152x1536.jpg 1152w, https:\/\/mediation-dessin.com\/wp-content\/uploads\/2025\/07\/IMG_20220430_170726-1536x2048.jpg 1536w, https:\/\/mediation-dessin.com\/wp-content\/uploads\/2025\/07\/IMG_20220430_170726-1200x1600.jpg 1200w, https:\/\/mediation-dessin.com\/wp-content\/uploads\/2025\/07\/IMG_20220430_170726-1980x2640.jpg 1980w, https:\/\/mediation-dessin.com\/wp-content\/uploads\/2025\/07\/IMG_20220430_170726-scaled.jpg 1920w\" sizes=\"auto, (max-width: 768px) 100vw, 768px\" \/><\/a><\/figure>\n\n\n\n<figure class=\"wp-block-image size-large\"><a href=\"https:\/\/mediation-dessin.com\/wp-content\/uploads\/2025\/07\/IMG_20220430_171800-scaled.jpg\"><img loading=\"lazy\" decoding=\"async\" width=\"2560\" height=\"1920\" data-id=\"413\" src=\"https:\/\/mediation-dessin.com\/wp-content\/uploads\/2025\/07\/IMG_20220430_171800-scaled.jpg\" alt=\"\" class=\"wp-image-413\" srcset=\"https:\/\/mediation-dessin.com\/wp-content\/uploads\/2025\/07\/IMG_20220430_171800-scaled.jpg 2560w, https:\/\/mediation-dessin.com\/wp-content\/uploads\/2025\/07\/IMG_20220430_171800-300x225.jpg 300w\" sizes=\"auto, (max-width: 2560px) 100vw, 2560px\" \/><\/a><\/figure>\n\n\n\n<figure class=\"wp-block-image size-large\"><a href=\"https:\/\/mediation-dessin.com\/wp-content\/uploads\/2025\/07\/IMG_20220430_171805_1-scaled.jpg\"><img loading=\"lazy\" decoding=\"async\" width=\"768\" height=\"1024\" data-id=\"412\" src=\"https:\/\/mediation-dessin.com\/wp-content\/uploads\/2025\/07\/IMG_20220430_171805_1-768x1024.jpg\" alt=\"\" class=\"wp-image-412\" srcset=\"https:\/\/mediation-dessin.com\/wp-content\/uploads\/2025\/07\/IMG_20220430_171805_1-768x1024.jpg 768w, https:\/\/mediation-dessin.com\/wp-content\/uploads\/2025\/07\/IMG_20220430_171805_1-225x300.jpg 225w, https:\/\/mediation-dessin.com\/wp-content\/uploads\/2025\/07\/IMG_20220430_171805_1-1152x1536.jpg 1152w, https:\/\/mediation-dessin.com\/wp-content\/uploads\/2025\/07\/IMG_20220430_171805_1-1536x2048.jpg 1536w, https:\/\/mediation-dessin.com\/wp-content\/uploads\/2025\/07\/IMG_20220430_171805_1-1200x1600.jpg 1200w, https:\/\/mediation-dessin.com\/wp-content\/uploads\/2025\/07\/IMG_20220430_171805_1-1980x2640.jpg 1980w, https:\/\/mediation-dessin.com\/wp-content\/uploads\/2025\/07\/IMG_20220430_171805_1-scaled.jpg 1920w\" sizes=\"auto, (max-width: 768px) 100vw, 768px\" \/><\/a><\/figure>\n\n\n\n<figure class=\"wp-block-image size-large\"><a href=\"https:\/\/mediation-dessin.com\/wp-content\/uploads\/2025\/07\/IMG_20220430_170110-scaled.jpg\"><img loading=\"lazy\" decoding=\"async\" width=\"1024\" height=\"768\" data-id=\"411\" src=\"https:\/\/mediation-dessin.com\/wp-content\/uploads\/2025\/07\/IMG_20220430_170110-1024x768.jpg\" alt=\"\" class=\"wp-image-411\" srcset=\"https:\/\/mediation-dessin.com\/wp-content\/uploads\/2025\/07\/IMG_20220430_170110-1024x768.jpg 1024w, https:\/\/mediation-dessin.com\/wp-content\/uploads\/2025\/07\/IMG_20220430_170110-300x225.jpg 300w, https:\/\/mediation-dessin.com\/wp-content\/uploads\/2025\/07\/IMG_20220430_170110-768x576.jpg 768w, https:\/\/mediation-dessin.com\/wp-content\/uploads\/2025\/07\/IMG_20220430_170110-1536x1152.jpg 1536w\" sizes=\"auto, (max-width: 1024px) 100vw, 1024px\" \/><\/a><\/figure>\n\n\n\n<figure class=\"wp-block-image size-large\"><a href=\"https:\/\/mediation-dessin.com\/wp-content\/uploads\/2025\/07\/IMG_20220430_171820-scaled.jpg\"><img loading=\"lazy\" decoding=\"async\" width=\"1024\" height=\"768\" data-id=\"410\" src=\"https:\/\/mediation-dessin.com\/wp-content\/uploads\/2025\/07\/IMG_20220430_171820-1024x768.jpg\" alt=\"\" class=\"wp-image-410\" srcset=\"https:\/\/mediation-dessin.com\/wp-content\/uploads\/2025\/07\/IMG_20220430_171820-1024x768.jpg 1024w, https:\/\/mediation-dessin.com\/wp-content\/uploads\/2025\/07\/IMG_20220430_171820-300x225.jpg 300w, https:\/\/mediation-dessin.com\/wp-content\/uploads\/2025\/07\/IMG_20220430_171820-768x576.jpg 768w, https:\/\/mediation-dessin.com\/wp-content\/uploads\/2025\/07\/IMG_20220430_171820-1536x1152.jpg 1536w, https:\/\/mediation-dessin.com\/wp-content\/uploads\/2025\/07\/IMG_20220430_171820-2048x1536.jpg 2048w\" sizes=\"auto, (max-width: 1024px) 100vw, 1024px\" \/><\/a><\/figure>\n\n\n\n<figure class=\"wp-block-image size-large\"><a href=\"https:\/\/mediation-dessin.com\/wp-content\/uploads\/2025\/07\/IMG_20220427_165255-1-scaled.jpg\"><img loading=\"lazy\" decoding=\"async\" width=\"768\" height=\"1024\" data-id=\"404\" src=\"https:\/\/mediation-dessin.com\/wp-content\/uploads\/2025\/07\/IMG_20220427_165255-1-768x1024.jpg\" alt=\"\" class=\"wp-image-404\" srcset=\"https:\/\/mediation-dessin.com\/wp-content\/uploads\/2025\/07\/IMG_20220427_165255-1-768x1024.jpg 768w, https:\/\/mediation-dessin.com\/wp-content\/uploads\/2025\/07\/IMG_20220427_165255-1-225x300.jpg 225w, https:\/\/mediation-dessin.com\/wp-content\/uploads\/2025\/07\/IMG_20220427_165255-1-1152x1536.jpg 1152w, https:\/\/mediation-dessin.com\/wp-content\/uploads\/2025\/07\/IMG_20220427_165255-1-1536x2048.jpg 1536w, https:\/\/mediation-dessin.com\/wp-content\/uploads\/2025\/07\/IMG_20220427_165255-1-1200x1600.jpg 1200w, https:\/\/mediation-dessin.com\/wp-content\/uploads\/2025\/07\/IMG_20220427_165255-1-1980x2640.jpg 1980w, https:\/\/mediation-dessin.com\/wp-content\/uploads\/2025\/07\/IMG_20220427_165255-1-scaled.jpg 1920w\" sizes=\"auto, (max-width: 768px) 100vw, 768px\" \/><\/a><\/figure>\n\n\n\n<figure class=\"wp-block-image size-large\"><a href=\"https:\/\/mediation-dessin.com\/wp-content\/uploads\/2025\/07\/IMG_20220427_165502-1-scaled.jpg\"><img loading=\"lazy\" decoding=\"async\" width=\"1024\" height=\"768\" data-id=\"403\" src=\"https:\/\/mediation-dessin.com\/wp-content\/uploads\/2025\/07\/IMG_20220427_165502-1-1024x768.jpg\" alt=\"\" class=\"wp-image-403\" srcset=\"https:\/\/mediation-dessin.com\/wp-content\/uploads\/2025\/07\/IMG_20220427_165502-1-1024x768.jpg 1024w, https:\/\/mediation-dessin.com\/wp-content\/uploads\/2025\/07\/IMG_20220427_165502-1-300x225.jpg 300w, https:\/\/mediation-dessin.com\/wp-content\/uploads\/2025\/07\/IMG_20220427_165502-1-768x576.jpg 768w, https:\/\/mediation-dessin.com\/wp-content\/uploads\/2025\/07\/IMG_20220427_165502-1-1536x1152.jpg 1536w, https:\/\/mediation-dessin.com\/wp-content\/uploads\/2025\/07\/IMG_20220427_165502-1-2048x1536.jpg 2048w, https:\/\/mediation-dessin.com\/wp-content\/uploads\/2025\/07\/IMG_20220427_165502-1-1200x900.jpg 1200w, https:\/\/mediation-dessin.com\/wp-content\/uploads\/2025\/07\/IMG_20220427_165502-1-1980x1485.jpg 1980w\" sizes=\"auto, (max-width: 1024px) 100vw, 1024px\" \/><\/a><\/figure>\n\n\n\n<figure class=\"wp-block-image size-large\"><a href=\"https:\/\/mediation-dessin.com\/wp-content\/uploads\/2025\/07\/IMG_20220427_165615-scaled.jpg\"><img loading=\"lazy\" decoding=\"async\" width=\"1024\" height=\"768\" data-id=\"402\" src=\"https:\/\/mediation-dessin.com\/wp-content\/uploads\/2025\/07\/IMG_20220427_165615-1024x768.jpg\" alt=\"\" class=\"wp-image-402\" srcset=\"https:\/\/mediation-dessin.com\/wp-content\/uploads\/2025\/07\/IMG_20220427_165615-1024x768.jpg 1024w, https:\/\/mediation-dessin.com\/wp-content\/uploads\/2025\/07\/IMG_20220427_165615-300x225.jpg 300w, https:\/\/mediation-dessin.com\/wp-content\/uploads\/2025\/07\/IMG_20220427_165615-768x576.jpg 768w, https:\/\/mediation-dessin.com\/wp-content\/uploads\/2025\/07\/IMG_20220427_165615-1536x1152.jpg 1536w, https:\/\/mediation-dessin.com\/wp-content\/uploads\/2025\/07\/IMG_20220427_165615-2048x1536.jpg 2048w, https:\/\/mediation-dessin.com\/wp-content\/uploads\/2025\/07\/IMG_20220427_165615-1200x900.jpg 1200w, https:\/\/mediation-dessin.com\/wp-content\/uploads\/2025\/07\/IMG_20220427_165615-1980x1485.jpg 1980w\" sizes=\"auto, (max-width: 1024px) 100vw, 1024px\" \/><\/a><\/figure>\n\n\n\n<figure class=\"wp-block-image size-large\"><a href=\"https:\/\/mediation-dessin.com\/wp-content\/uploads\/2025\/07\/IMG_20220427_165826-1-scaled.jpg\"><img loading=\"lazy\" decoding=\"async\" width=\"1024\" height=\"768\" data-id=\"401\" src=\"https:\/\/mediation-dessin.com\/wp-content\/uploads\/2025\/07\/IMG_20220427_165826-1-1024x768.jpg\" alt=\"\" class=\"wp-image-401\" srcset=\"https:\/\/mediation-dessin.com\/wp-content\/uploads\/2025\/07\/IMG_20220427_165826-1-1024x768.jpg 1024w, https:\/\/mediation-dessin.com\/wp-content\/uploads\/2025\/07\/IMG_20220427_165826-1-300x225.jpg 300w, https:\/\/mediation-dessin.com\/wp-content\/uploads\/2025\/07\/IMG_20220427_165826-1-768x576.jpg 768w, https:\/\/mediation-dessin.com\/wp-content\/uploads\/2025\/07\/IMG_20220427_165826-1-1536x1152.jpg 1536w, https:\/\/mediation-dessin.com\/wp-content\/uploads\/2025\/07\/IMG_20220427_165826-1-2048x1536.jpg 2048w, https:\/\/mediation-dessin.com\/wp-content\/uploads\/2025\/07\/IMG_20220427_165826-1-1200x900.jpg 1200w, https:\/\/mediation-dessin.com\/wp-content\/uploads\/2025\/07\/IMG_20220427_165826-1-1980x1485.jpg 1980w\" sizes=\"auto, (max-width: 1024px) 100vw, 1024px\" \/><\/a><\/figure>\n\n\n\n<figure class=\"wp-block-image size-large\"><a href=\"https:\/\/mediation-dessin.com\/wp-content\/uploads\/2025\/07\/IMG_20220427_165738-scaled.jpg\"><img loading=\"lazy\" decoding=\"async\" width=\"1024\" height=\"768\" data-id=\"400\" src=\"https:\/\/mediation-dessin.com\/wp-content\/uploads\/2025\/07\/IMG_20220427_165738-1024x768.jpg\" alt=\"\" class=\"wp-image-400\" srcset=\"https:\/\/mediation-dessin.com\/wp-content\/uploads\/2025\/07\/IMG_20220427_165738-1024x768.jpg 1024w, https:\/\/mediation-dessin.com\/wp-content\/uploads\/2025\/07\/IMG_20220427_165738-300x225.jpg 300w, https:\/\/mediation-dessin.com\/wp-content\/uploads\/2025\/07\/IMG_20220427_165738-768x576.jpg 768w, https:\/\/mediation-dessin.com\/wp-content\/uploads\/2025\/07\/IMG_20220427_165738-1536x1152.jpg 1536w, https:\/\/mediation-dessin.com\/wp-content\/uploads\/2025\/07\/IMG_20220427_165738-2048x1536.jpg 2048w, https:\/\/mediation-dessin.com\/wp-content\/uploads\/2025\/07\/IMG_20220427_165738-1200x900.jpg 1200w, https:\/\/mediation-dessin.com\/wp-content\/uploads\/2025\/07\/IMG_20220427_165738-1980x1485.jpg 1980w\" sizes=\"auto, (max-width: 1024px) 100vw, 1024px\" \/><\/a><\/figure>\n<\/figure>\n","protected":false},"excerpt":{"rendered":"<p>Je propose et j&rsquo;anime r\u00e9guli\u00e8rement des ateliers dessins sous plusieurs formes : priv\u00e9s pour une ou plusieurs personnes, parfois des groupes, mais aussi pour des comit\u00e9s d&rsquo;entreprises. La forme qui nous int\u00e9resse ici est l&rsquo;atelier dessin destin\u00e9 aux publics de mus\u00e9es et d&rsquo;instituts. Je m&rsquo;adresse \u00e0 des enfants de tous \u00e2ges, mais aussi \u00e0 des [&hellip;]<\/p>\n","protected":false},"author":1,"featured_media":449,"parent":0,"menu_order":0,"comment_status":"closed","ping_status":"closed","template":"","meta":{"footnotes":""},"class_list":["post-443","page","type-page","status-publish","has-post-thumbnail","hentry"],"_links":{"self":[{"href":"https:\/\/mediation-dessin.com\/index.php?rest_route=\/wp\/v2\/pages\/443","targetHints":{"allow":["GET"]}}],"collection":[{"href":"https:\/\/mediation-dessin.com\/index.php?rest_route=\/wp\/v2\/pages"}],"about":[{"href":"https:\/\/mediation-dessin.com\/index.php?rest_route=\/wp\/v2\/types\/page"}],"author":[{"embeddable":true,"href":"https:\/\/mediation-dessin.com\/index.php?rest_route=\/wp\/v2\/users\/1"}],"replies":[{"embeddable":true,"href":"https:\/\/mediation-dessin.com\/index.php?rest_route=%2Fwp%2Fv2%2Fcomments&post=443"}],"version-history":[{"count":5,"href":"https:\/\/mediation-dessin.com\/index.php?rest_route=\/wp\/v2\/pages\/443\/revisions"}],"predecessor-version":[{"id":454,"href":"https:\/\/mediation-dessin.com\/index.php?rest_route=\/wp\/v2\/pages\/443\/revisions\/454"}],"wp:featuredmedia":[{"embeddable":true,"href":"https:\/\/mediation-dessin.com\/index.php?rest_route=\/wp\/v2\/media\/449"}],"wp:attachment":[{"href":"https:\/\/mediation-dessin.com\/index.php?rest_route=%2Fwp%2Fv2%2Fmedia&parent=443"}],"curies":[{"name":"wp","href":"https:\/\/api.w.org\/{rel}","templated":true}]}}