{"id":421,"date":"2025-07-30T13:15:51","date_gmt":"2025-07-30T11:15:51","guid":{"rendered":"https:\/\/mediation-dessin.com\/?page_id=421"},"modified":"2025-07-30T14:09:42","modified_gmt":"2025-07-30T12:09:42","slug":"inauguration-dun-batiment-ens-lyon","status":"publish","type":"page","link":"https:\/\/mediation-dessin.com\/?page_id=421","title":{"rendered":"Inauguration d&rsquo;un b\u00e2timent &#8211; ENS Lyon"},"content":{"rendered":"\n<p>En septembre 2019, le laboratoire de chimie de l&rsquo;Ecole Normale Sup\u00e9rieure de Lyon me contacte pour me demander de produire un dessin \u00e0 l&rsquo;occasion de la r\u00e9unification de tous les laboratoires dans le m\u00eame b\u00e2timent. Apr\u00e8s une r\u00e9union sur place, je comprends que les trois axes de recherche du laboratoire doivent figurer sur le dessin. Je me propose alors de repr\u00e9senter ces axes en r\u00e9unissant plusieurs parties de laboratoire (avec leurs instruments et leur mat\u00e9riel) dans une seule pi\u00e8ce imaginaire. Le projet est valid\u00e9 et je viens passer trois jours sur place, je me d\u00e9place de salle en salle au fur et \u00e0 mesures des besoins pour le dessin, que je r\u00e9alise donc in situ et sans plan, directement \u00e0 l&rsquo;encre noire. <\/p>\n\n\n\n<p>L&rsquo;accueil des scientifiques est tr\u00e8s chaleureux. Je me pose en observatrice discr\u00e8te de leur lieu de travail, lieu qui d&rsquo;habitude est ferm\u00e9 au regard ext\u00e9rieur, et je d\u00e9cris dans les moindres d\u00e9tails les installations, les processus et les instruments qu&rsquo;ils ont patiemment \u00e9tudi\u00e9s et mis en \u0153uvre.<\/p>\n\n\n\n<p>Le dessin final est livr\u00e9 en main propre et expos\u00e9 dans le hall lors de l&rsquo;inauguration du b\u00e2timent. Tr\u00e8s appr\u00e9ci\u00e9 par toutes les \u00e9quipes, il est ensuite install\u00e9 dans la salle de repos. Il repr\u00e9sente l&rsquo;unit\u00e9 du laboratoire.<\/p>\n\n\n\n<p><\/p>\n\n\n\n<p>Voici le dessin fini, 40 x 65 cm :<\/p>\n\n\n\n<p><\/p>\n\n\n\n<figure class=\"wp-block-gallery has-nested-images columns-default is-cropped wp-block-gallery-1 is-layout-flex wp-block-gallery-is-layout-flex\">\n<figure class=\"wp-block-image size-large\"><a href=\"https:\/\/mediation-dessin.com\/wp-content\/uploads\/2025\/07\/Labo_chimie_ENS_Lyon.jpg\"><img loading=\"lazy\" decoding=\"async\" width=\"1024\" height=\"627\" data-id=\"428\" src=\"https:\/\/mediation-dessin.com\/wp-content\/uploads\/2025\/07\/Labo_chimie_ENS_Lyon-1024x627.jpg\" alt=\"\" class=\"wp-image-428\" srcset=\"https:\/\/mediation-dessin.com\/wp-content\/uploads\/2025\/07\/Labo_chimie_ENS_Lyon-1024x627.jpg 1024w, https:\/\/mediation-dessin.com\/wp-content\/uploads\/2025\/07\/Labo_chimie_ENS_Lyon-300x184.jpg 300w, https:\/\/mediation-dessin.com\/wp-content\/uploads\/2025\/07\/Labo_chimie_ENS_Lyon-768x470.jpg 768w, https:\/\/mediation-dessin.com\/wp-content\/uploads\/2025\/07\/Labo_chimie_ENS_Lyon-1536x940.jpg 1536w, https:\/\/mediation-dessin.com\/wp-content\/uploads\/2025\/07\/Labo_chimie_ENS_Lyon-1200x734.jpg 1200w, https:\/\/mediation-dessin.com\/wp-content\/uploads\/2025\/07\/Labo_chimie_ENS_Lyon.jpg 1920w\" sizes=\"auto, (max-width: 1024px) 100vw, 1024px\" \/><\/a><\/figure>\n<\/figure>\n\n\n\n<p><\/p>\n\n\n\n<p>Photos de mon s\u00e9jour en dessin dans les laboratoires :<\/p>\n\n\n\n<p><\/p>\n\n\n\n<figure class=\"wp-block-gallery has-nested-images columns-default is-cropped wp-block-gallery-2 is-layout-flex wp-block-gallery-is-layout-flex\">\n<figure class=\"wp-block-image size-full\"><a href=\"https:\/\/mediation-dessin.com\/wp-content\/uploads\/2025\/07\/IMG_20191008_141810-scaled.jpg\"><img loading=\"lazy\" decoding=\"async\" width=\"2560\" height=\"1920\" data-id=\"431\" src=\"https:\/\/mediation-dessin.com\/wp-content\/uploads\/2025\/07\/IMG_20191008_141810-scaled.jpg\" alt=\"\" class=\"wp-image-431\" srcset=\"https:\/\/mediation-dessin.com\/wp-content\/uploads\/2025\/07\/IMG_20191008_141810-scaled.jpg 2560w, https:\/\/mediation-dessin.com\/wp-content\/uploads\/2025\/07\/IMG_20191008_141810-300x225.jpg 300w\" sizes=\"auto, (max-width: 2560px) 100vw, 2560px\" \/><\/a><\/figure>\n\n\n\n<figure class=\"wp-block-image size-large\"><a href=\"https:\/\/mediation-dessin.com\/wp-content\/uploads\/2025\/07\/IMG_20191009_115539-scaled.jpg\"><img loading=\"lazy\" decoding=\"async\" width=\"1024\" height=\"768\" data-id=\"434\" src=\"https:\/\/mediation-dessin.com\/wp-content\/uploads\/2025\/07\/IMG_20191009_115539-1024x768.jpg\" alt=\"\" class=\"wp-image-434\" srcset=\"https:\/\/mediation-dessin.com\/wp-content\/uploads\/2025\/07\/IMG_20191009_115539-1024x768.jpg 1024w, https:\/\/mediation-dessin.com\/wp-content\/uploads\/2025\/07\/IMG_20191009_115539-300x225.jpg 300w, https:\/\/mediation-dessin.com\/wp-content\/uploads\/2025\/07\/IMG_20191009_115539-768x576.jpg 768w, https:\/\/mediation-dessin.com\/wp-content\/uploads\/2025\/07\/IMG_20191009_115539-1536x1152.jpg 1536w, https:\/\/mediation-dessin.com\/wp-content\/uploads\/2025\/07\/IMG_20191009_115539-2048x1536.jpg 2048w, https:\/\/mediation-dessin.com\/wp-content\/uploads\/2025\/07\/IMG_20191009_115539-1200x900.jpg 1200w, https:\/\/mediation-dessin.com\/wp-content\/uploads\/2025\/07\/IMG_20191009_115539-1980x1485.jpg 1980w\" sizes=\"auto, (max-width: 1024px) 100vw, 1024px\" \/><\/a><\/figure>\n\n\n\n<figure class=\"wp-block-image size-large\"><a href=\"https:\/\/mediation-dessin.com\/wp-content\/uploads\/2025\/07\/IMG_20191009_115646_BURST002-scaled.jpg\"><img loading=\"lazy\" decoding=\"async\" width=\"1024\" height=\"768\" data-id=\"432\" src=\"https:\/\/mediation-dessin.com\/wp-content\/uploads\/2025\/07\/IMG_20191009_115646_BURST002-1024x768.jpg\" alt=\"\" class=\"wp-image-432\" srcset=\"https:\/\/mediation-dessin.com\/wp-content\/uploads\/2025\/07\/IMG_20191009_115646_BURST002-1024x768.jpg 1024w, https:\/\/mediation-dessin.com\/wp-content\/uploads\/2025\/07\/IMG_20191009_115646_BURST002-300x225.jpg 300w, https:\/\/mediation-dessin.com\/wp-content\/uploads\/2025\/07\/IMG_20191009_115646_BURST002-768x576.jpg 768w\" sizes=\"auto, (max-width: 1024px) 100vw, 1024px\" \/><\/a><figcaption class=\"wp-element-caption\">burst<\/figcaption><\/figure>\n\n\n\n<figure class=\"wp-block-image size-large\"><a href=\"https:\/\/mediation-dessin.com\/wp-content\/uploads\/2025\/07\/IMG_20191009_120143-scaled.jpg\"><img loading=\"lazy\" decoding=\"async\" width=\"1920\" height=\"2560\" data-id=\"433\" src=\"https:\/\/mediation-dessin.com\/wp-content\/uploads\/2025\/07\/IMG_20191009_120143-scaled.jpg\" alt=\"\" class=\"wp-image-433\" srcset=\"https:\/\/mediation-dessin.com\/wp-content\/uploads\/2025\/07\/IMG_20191009_120143-scaled.jpg 1920w, https:\/\/mediation-dessin.com\/wp-content\/uploads\/2025\/07\/IMG_20191009_120143-225x300.jpg 225w\" sizes=\"auto, (max-width: 1920px) 100vw, 1920px\" \/><\/a><\/figure>\n\n\n\n<figure class=\"wp-block-image size-large\"><a href=\"https:\/\/mediation-dessin.com\/wp-content\/uploads\/2025\/07\/IMG_20191009_120120-scaled.jpg\"><img loading=\"lazy\" decoding=\"async\" width=\"1920\" height=\"2560\" data-id=\"435\" src=\"https:\/\/mediation-dessin.com\/wp-content\/uploads\/2025\/07\/IMG_20191009_120120-scaled.jpg\" alt=\"\" class=\"wp-image-435\" srcset=\"https:\/\/mediation-dessin.com\/wp-content\/uploads\/2025\/07\/IMG_20191009_120120-scaled.jpg 1920w, https:\/\/mediation-dessin.com\/wp-content\/uploads\/2025\/07\/IMG_20191009_120120-225x300.jpg 225w\" sizes=\"auto, (max-width: 1920px) 100vw, 1920px\" \/><\/a><\/figure>\n\n\n\n<figure class=\"wp-block-image size-large\"><a href=\"https:\/\/mediation-dessin.com\/wp-content\/uploads\/2025\/07\/IMG_20191009_120505-scaled.jpg\"><img loading=\"lazy\" decoding=\"async\" width=\"1024\" height=\"768\" data-id=\"436\" src=\"https:\/\/mediation-dessin.com\/wp-content\/uploads\/2025\/07\/IMG_20191009_120505-1024x768.jpg\" alt=\"\" class=\"wp-image-436\" srcset=\"https:\/\/mediation-dessin.com\/wp-content\/uploads\/2025\/07\/IMG_20191009_120505-1024x768.jpg 1024w, https:\/\/mediation-dessin.com\/wp-content\/uploads\/2025\/07\/IMG_20191009_120505-300x225.jpg 300w, https:\/\/mediation-dessin.com\/wp-content\/uploads\/2025\/07\/IMG_20191009_120505-768x576.jpg 768w, https:\/\/mediation-dessin.com\/wp-content\/uploads\/2025\/07\/IMG_20191009_120505-1536x1152.jpg 1536w, https:\/\/mediation-dessin.com\/wp-content\/uploads\/2025\/07\/IMG_20191009_120505-2048x1536.jpg 2048w, https:\/\/mediation-dessin.com\/wp-content\/uploads\/2025\/07\/IMG_20191009_120505-1200x900.jpg 1200w, https:\/\/mediation-dessin.com\/wp-content\/uploads\/2025\/07\/IMG_20191009_120505-1980x1485.jpg 1980w\" sizes=\"auto, (max-width: 1024px) 100vw, 1024px\" \/><\/a><\/figure>\n<\/figure>\n\n\n\n<p><\/p>\n\n\n\n<p><\/p>\n\n\n\n<p>Jour de l&rsquo;inauguration :<\/p>\n\n\n\n<p><\/p>\n\n\n\n<figure class=\"wp-block-gallery has-nested-images columns-default is-cropped wp-block-gallery-3 is-layout-flex wp-block-gallery-is-layout-flex\">\n<figure class=\"wp-block-image size-large\"><img loading=\"lazy\" decoding=\"async\" width=\"894\" height=\"960\" data-id=\"437\" src=\"https:\/\/mediation-dessin.com\/wp-content\/uploads\/2025\/07\/ENSchimportrait.jpg\" alt=\"\" class=\"wp-image-437\" srcset=\"https:\/\/mediation-dessin.com\/wp-content\/uploads\/2025\/07\/ENSchimportrait.jpg 894w, https:\/\/mediation-dessin.com\/wp-content\/uploads\/2025\/07\/ENSchimportrait-279x300.jpg 279w, https:\/\/mediation-dessin.com\/wp-content\/uploads\/2025\/07\/ENSchimportrait-768x825.jpg 768w\" sizes=\"auto, (max-width: 894px) 100vw, 894px\" \/><\/figure>\n<\/figure>\n","protected":false},"excerpt":{"rendered":"<p>En septembre 2019, le laboratoire de chimie de l&rsquo;Ecole Normale Sup\u00e9rieure de Lyon me contacte pour me demander de produire un dessin \u00e0 l&rsquo;occasion de la r\u00e9unification de tous les laboratoires dans le m\u00eame b\u00e2timent. Apr\u00e8s une r\u00e9union sur place, je comprends que les trois axes de recherche du laboratoire doivent figurer sur le dessin. [&hellip;]<\/p>\n","protected":false},"author":1,"featured_media":428,"parent":0,"menu_order":0,"comment_status":"closed","ping_status":"closed","template":"","meta":{"footnotes":""},"class_list":["post-421","page","type-page","status-publish","has-post-thumbnail","hentry"],"_links":{"self":[{"href":"https:\/\/mediation-dessin.com\/index.php?rest_route=\/wp\/v2\/pages\/421","targetHints":{"allow":["GET"]}}],"collection":[{"href":"https:\/\/mediation-dessin.com\/index.php?rest_route=\/wp\/v2\/pages"}],"about":[{"href":"https:\/\/mediation-dessin.com\/index.php?rest_route=\/wp\/v2\/types\/page"}],"author":[{"embeddable":true,"href":"https:\/\/mediation-dessin.com\/index.php?rest_route=\/wp\/v2\/users\/1"}],"replies":[{"embeddable":true,"href":"https:\/\/mediation-dessin.com\/index.php?rest_route=%2Fwp%2Fv2%2Fcomments&post=421"}],"version-history":[{"count":6,"href":"https:\/\/mediation-dessin.com\/index.php?rest_route=\/wp\/v2\/pages\/421\/revisions"}],"predecessor-version":[{"id":441,"href":"https:\/\/mediation-dessin.com\/index.php?rest_route=\/wp\/v2\/pages\/421\/revisions\/441"}],"wp:featuredmedia":[{"embeddable":true,"href":"https:\/\/mediation-dessin.com\/index.php?rest_route=\/wp\/v2\/media\/428"}],"wp:attachment":[{"href":"https:\/\/mediation-dessin.com\/index.php?rest_route=%2Fwp%2Fv2%2Fmedia&parent=421"}],"curies":[{"name":"wp","href":"https:\/\/api.w.org\/{rel}","templated":true}]}}