{"id":17,"date":"2025-06-09T09:44:40","date_gmt":"2025-06-09T07:44:40","guid":{"rendered":"https:\/\/mediation-dessin.com\/?page_id=17"},"modified":"2025-08-05T08:30:32","modified_gmt":"2025-08-05T06:30:32","slug":"le-nouveau-e-mucem-ouvre-ses-portes-2","status":"publish","type":"page","link":"https:\/\/mediation-dessin.com\/","title":{"rendered":"Accueil"},"content":{"rendered":"\n<div class=\"wp-block-group alignwide\"><div class=\"wp-block-group__inner-container is-layout-constrained wp-block-group-is-layout-constrained\">\n<p><\/p>\n\n\n\n<h2 class=\"wp-block-heading has-text-align-center\">Prestation d&rsquo;une artiste ind\u00e9pendante<\/h2>\n\n\n\n<p>Bonjour,<\/p>\n\n\n\n<p class=\"has-text-align-center\">Je propose mes services de dessinatrice car je suis sp\u00e9cialis\u00e9e dans le \u00ab\u00a0portrait d&rsquo;espace\u00a0\u00bb. J&rsquo;anime \u00e9galement des ateliers de dessin d&rsquo;observation pour votre public, lui proposant de s&rsquo;int\u00e9resser \u00e0 l&rsquo;espace de votre mus\u00e9e\/institut. Je travaille aussi pour les entreprises, en dessinant le mat\u00e9riel sp\u00e9cialis\u00e9, salle de travail, hangars et ateliers, et je pratique des workshops de dessin pour le personnel int\u00e9ress\u00e9.<\/p>\n\n\n\n<p class=\"has-text-align-right\">Sarah Gautier<\/p>\n<\/div><\/div>\n\n\n\n<div class=\"wp-block-buttons is-layout-flex wp-block-buttons-is-layout-flex\">\n<div class=\"wp-block-button\"><a class=\"wp-block-button__link wp-element-button\" href=\"https:\/\/mediation-dessin.com\/?page_id=125\">Lire la PRESENTATION<\/a><\/div>\n<\/div>\n\n\n\n<p>Ici le dessin du salon du peintre H\u00e9bert, produit pour le mus\u00e9e H\u00e9bert \u00e0 La Tronche.<\/p>\n\n\n\n<figure class=\"wp-block-gallery has-nested-images columns-default is-cropped wp-block-gallery-1 is-layout-flex wp-block-gallery-is-layout-flex\">\n<figure data-wp-context=\"{&quot;imageId&quot;:&quot;69e1ea1ebdf24&quot;}\" data-wp-interactive=\"core\/image\" data-wp-key=\"69e1ea1ebdf24\" class=\"wp-block-image size-large wp-lightbox-container\"><img loading=\"lazy\" decoding=\"async\" width=\"1024\" height=\"599\" data-wp-class--hide=\"state.isContentHidden\" data-wp-class--show=\"state.isContentVisible\" data-wp-init=\"callbacks.setButtonStyles\" data-wp-on--click=\"actions.showLightbox\" data-wp-on--load=\"callbacks.setButtonStyles\" data-wp-on-window--resize=\"callbacks.setButtonStyles\" data-id=\"238\" src=\"https:\/\/mediation-dessin.com\/wp-content\/uploads\/2025\/06\/lesalondehebertweb-1024x599.jpg\" alt=\"\" class=\"wp-image-238\" srcset=\"https:\/\/mediation-dessin.com\/wp-content\/uploads\/2025\/06\/lesalondehebertweb-1024x599.jpg 1024w, https:\/\/mediation-dessin.com\/wp-content\/uploads\/2025\/06\/lesalondehebertweb-300x176.jpg 300w, https:\/\/mediation-dessin.com\/wp-content\/uploads\/2025\/06\/lesalondehebertweb-768x449.jpg 768w, https:\/\/mediation-dessin.com\/wp-content\/uploads\/2025\/06\/lesalondehebertweb-1536x899.jpg 1536w, https:\/\/mediation-dessin.com\/wp-content\/uploads\/2025\/06\/lesalondehebertweb-2048x1198.jpg 2048w, https:\/\/mediation-dessin.com\/wp-content\/uploads\/2025\/06\/lesalondehebertweb-1200x702.jpg 1200w, https:\/\/mediation-dessin.com\/wp-content\/uploads\/2025\/06\/lesalondehebertweb-1980x1158.jpg 1980w\" sizes=\"auto, (max-width: 1024px) 100vw, 1024px\" \/><button\n\t\t\tclass=\"lightbox-trigger\"\n\t\t\ttype=\"button\"\n\t\t\taria-haspopup=\"dialog\"\n\t\t\taria-label=\"Agrandir\"\n\t\t\tdata-wp-init=\"callbacks.initTriggerButton\"\n\t\t\tdata-wp-on--click=\"actions.showLightbox\"\n\t\t\tdata-wp-style--right=\"state.imageButtonRight\"\n\t\t\tdata-wp-style--top=\"state.imageButtonTop\"\n\t\t>\n\t\t\t<svg xmlns=\"http:\/\/www.w3.org\/2000\/svg\" width=\"12\" height=\"12\" fill=\"none\" viewBox=\"0 0 12 12\">\n\t\t\t\t<path fill=\"#fff\" d=\"M2 0a2 2 0 0 0-2 2v2h1.5V2a.5.5 0 0 1 .5-.5h2V0H2Zm2 10.5H2a.5.5 0 0 1-.5-.5V8H0v2a2 2 0 0 0 2 2h2v-1.5ZM8 12v-1.5h2a.5.5 0 0 0 .5-.5V8H12v2a2 2 0 0 1-2 2H8Zm2-12a2 2 0 0 1 2 2v2h-1.5V2a.5.5 0 0 0-.5-.5H8V0h2Z\" \/>\n\t\t\t<\/svg>\n\t\t<\/button><\/figure>\n<\/figure>\n\n\n\n<p><\/p>\n\n\n\n<h3 class=\"wp-block-heading has-text-align-center\">Exp\u00e9riences pass\u00e9es :<\/h3>\n\n\n\n<div class=\"wp-block-columns alignwide is-layout-flex wp-container-core-columns-is-layout-9d6595d7 wp-block-columns-is-layout-flex\">\n<div class=\"wp-block-column is-layout-flow wp-block-column-is-layout-flow\">\n<div class=\"wp-block-group\"><div class=\"wp-block-group__inner-container is-layout-flow wp-block-group-is-layout-flow\">\n<figure class=\"wp-block-image alignfull size-full\"><img loading=\"lazy\" decoding=\"async\" width=\"2560\" height=\"2052\" src=\"https:\/\/mediation-dessin.com\/wp-content\/uploads\/2025\/06\/IMG_4170-scaled.jpeg\" alt=\"\" class=\"wp-image-207\" srcset=\"https:\/\/mediation-dessin.com\/wp-content\/uploads\/2025\/06\/IMG_4170-scaled.jpeg 2560w, https:\/\/mediation-dessin.com\/wp-content\/uploads\/2025\/06\/IMG_4170-300x240.jpeg 300w, https:\/\/mediation-dessin.com\/wp-content\/uploads\/2025\/06\/IMG_4170-1024x821.jpeg 1024w, https:\/\/mediation-dessin.com\/wp-content\/uploads\/2025\/06\/IMG_4170-768x616.jpeg 768w, https:\/\/mediation-dessin.com\/wp-content\/uploads\/2025\/06\/IMG_4170-1536x1231.jpeg 1536w, https:\/\/mediation-dessin.com\/wp-content\/uploads\/2025\/06\/IMG_4170-2048x1641.jpeg 2048w, https:\/\/mediation-dessin.com\/wp-content\/uploads\/2025\/06\/IMG_4170-1200x962.jpeg 1200w, https:\/\/mediation-dessin.com\/wp-content\/uploads\/2025\/06\/IMG_4170-1980x1587.jpeg 1980w\" sizes=\"auto, (max-width: 2560px) 100vw, 2560px\" \/><\/figure>\n\n\n\n<h3 class=\"wp-block-heading\">Carte Blanche au Mus\u00e9e H\u00e9bert<\/h3>\n\n\n\n<p>Avril &#8211; Mai 2022<\/p>\n\n\n\n<div class=\"wp-block-button is-style-outline is-style-outline--2\"><a class=\"wp-block-button__link wp-element-button\" href=\"https:\/\/mediation-dessin.com\/?page_id=242\">Lire la suite<\/a><\/div>\n<\/div><\/div>\n\n\n\n<div class=\"wp-block-group\"><div class=\"wp-block-group__inner-container is-layout-flow wp-block-group-is-layout-flow\">\n<figure class=\"wp-block-image alignfull size-full\"><img loading=\"lazy\" decoding=\"async\" width=\"2560\" height=\"1920\" src=\"https:\/\/mediation-dessin.com\/wp-content\/uploads\/2025\/07\/IMG_20191009_115646_BURST002-scaled.jpg\" alt=\"\" class=\"wp-image-432\" srcset=\"https:\/\/mediation-dessin.com\/wp-content\/uploads\/2025\/07\/IMG_20191009_115646_BURST002-scaled.jpg 2560w, https:\/\/mediation-dessin.com\/wp-content\/uploads\/2025\/07\/IMG_20191009_115646_BURST002-300x225.jpg 300w, https:\/\/mediation-dessin.com\/wp-content\/uploads\/2025\/07\/IMG_20191009_115646_BURST002-1024x768.jpg 1024w, https:\/\/mediation-dessin.com\/wp-content\/uploads\/2025\/07\/IMG_20191009_115646_BURST002-768x576.jpg 768w\" sizes=\"auto, (max-width: 2560px) 100vw, 2560px\" \/><figcaption class=\"wp-element-caption\">burst<\/figcaption><\/figure>\n\n\n\n<h3 class=\"wp-block-heading\">Inauguration d&rsquo;un b\u00e2timent &#8211; ENS Lyon<\/h3>\n\n\n\n<p>Depuis octobre 2021<\/p>\n\n\n\n<div class=\"wp-block-button is-style-outline is-style-outline--3\"><a class=\"wp-block-button__link wp-element-button\" href=\"https:\/\/mediation-dessin.com\/?page_id=421\">Lire la suite<\/a><\/div>\n<\/div><\/div>\n<\/div>\n\n\n\n<div class=\"wp-block-column is-layout-flow wp-block-column-is-layout-flow\">\n<div class=\"wp-block-group\"><div class=\"wp-block-group__inner-container is-layout-flow wp-block-group-is-layout-flow\">\n<figure class=\"wp-block-image alignfull size-full\"><img loading=\"lazy\" decoding=\"async\" width=\"1843\" height=\"1229\" src=\"https:\/\/mediation-dessin.com\/wp-content\/uploads\/2025\/07\/DSC_0257.jpg\" alt=\"\" class=\"wp-image-334\" srcset=\"https:\/\/mediation-dessin.com\/wp-content\/uploads\/2025\/07\/DSC_0257.jpg 1843w, https:\/\/mediation-dessin.com\/wp-content\/uploads\/2025\/07\/DSC_0257-300x200.jpg 300w, https:\/\/mediation-dessin.com\/wp-content\/uploads\/2025\/07\/DSC_0257-1024x683.jpg 1024w, https:\/\/mediation-dessin.com\/wp-content\/uploads\/2025\/07\/DSC_0257-768x512.jpg 768w, https:\/\/mediation-dessin.com\/wp-content\/uploads\/2025\/07\/DSC_0257-1536x1024.jpg 1536w, https:\/\/mediation-dessin.com\/wp-content\/uploads\/2025\/07\/DSC_0257-1200x800.jpg 1200w\" sizes=\"auto, (max-width: 1843px) 100vw, 1843px\" \/><\/figure>\n\n\n\n<h3 class=\"wp-block-heading\">Ateliers dessin<\/h3>\n\n\n\n<p>Octobre 2019<\/p>\n\n\n\n<div class=\"wp-block-button is-style-outline is-style-outline--4\"><a class=\"wp-block-button__link wp-element-button\" href=\"https:\/\/mediation-dessin.com\/?page_id=443\">Lire la suite<\/a><\/div>\n<\/div><\/div>\n\n\n\n<div class=\"wp-block-group\"><div class=\"wp-block-group__inner-container is-layout-flow wp-block-group-is-layout-flow\">\n<figure class=\"wp-block-image alignfull size-full\"><img loading=\"lazy\" decoding=\"async\" width=\"1417\" height=\"1890\" src=\"https:\/\/mediation-dessin.com\/wp-content\/uploads\/2025\/06\/image-web.jpg\" alt=\"\" class=\"wp-image-218\" srcset=\"https:\/\/mediation-dessin.com\/wp-content\/uploads\/2025\/06\/image-web.jpg 1417w, https:\/\/mediation-dessin.com\/wp-content\/uploads\/2025\/06\/image-web-225x300.jpg 225w, https:\/\/mediation-dessin.com\/wp-content\/uploads\/2025\/06\/image-web-768x1024.jpg 768w, https:\/\/mediation-dessin.com\/wp-content\/uploads\/2025\/06\/image-web-1152x1536.jpg 1152w, https:\/\/mediation-dessin.com\/wp-content\/uploads\/2025\/06\/image-web-1200x1601.jpg 1200w\" sizes=\"auto, (max-width: 1417px) 100vw, 1417px\" \/><\/figure>\n\n\n\n<h3 class=\"wp-block-heading\">Projets en cours<\/h3>\n\n\n\n<p>En attente de financement<\/p>\n\n\n\n<div class=\"wp-block-button is-style-outline is-style-outline--5\"><a class=\"wp-block-button__link wp-element-button\" href=\"https:\/\/mediation-dessin.com\/?page_id=455\">Lire la suite<\/a><\/div>\n<\/div><\/div>\n<\/div>\n<\/div>\n\n\n\n<figure class=\"wp-block-gallery alignwide has-nested-images columns-default is-cropped wp-block-gallery-6 is-layout-flex wp-block-gallery-is-layout-flex\"><\/figure>\n","protected":false},"excerpt":{"rendered":"<p>Prestation d&rsquo;une artiste ind\u00e9pendante Bonjour, Je propose mes services de dessinatrice car je suis sp\u00e9cialis\u00e9e dans le \u00ab\u00a0portrait d&rsquo;espace\u00a0\u00bb. J&rsquo;anime \u00e9galement des ateliers de dessin d&rsquo;observation pour votre public, lui proposant de s&rsquo;int\u00e9resser \u00e0 l&rsquo;espace de votre mus\u00e9e\/institut. Je travaille aussi pour les entreprises, en dessinant le mat\u00e9riel sp\u00e9cialis\u00e9, salle de travail, hangars et ateliers, [&hellip;]<\/p>\n","protected":false},"author":1,"featured_media":22,"parent":0,"menu_order":0,"comment_status":"closed","ping_status":"closed","template":"","meta":{"footnotes":""},"class_list":["post-17","page","type-page","status-publish","has-post-thumbnail","hentry"],"_links":{"self":[{"href":"https:\/\/mediation-dessin.com\/index.php?rest_route=\/wp\/v2\/pages\/17","targetHints":{"allow":["GET"]}}],"collection":[{"href":"https:\/\/mediation-dessin.com\/index.php?rest_route=\/wp\/v2\/pages"}],"about":[{"href":"https:\/\/mediation-dessin.com\/index.php?rest_route=\/wp\/v2\/types\/page"}],"author":[{"embeddable":true,"href":"https:\/\/mediation-dessin.com\/index.php?rest_route=\/wp\/v2\/users\/1"}],"replies":[{"embeddable":true,"href":"https:\/\/mediation-dessin.com\/index.php?rest_route=%2Fwp%2Fv2%2Fcomments&post=17"}],"version-history":[{"count":63,"href":"https:\/\/mediation-dessin.com\/index.php?rest_route=\/wp\/v2\/pages\/17\/revisions"}],"predecessor-version":[{"id":479,"href":"https:\/\/mediation-dessin.com\/index.php?rest_route=\/wp\/v2\/pages\/17\/revisions\/479"}],"wp:featuredmedia":[{"embeddable":true,"href":"https:\/\/mediation-dessin.com\/index.php?rest_route=\/wp\/v2\/media\/22"}],"wp:attachment":[{"href":"https:\/\/mediation-dessin.com\/index.php?rest_route=%2Fwp%2Fv2%2Fmedia&parent=17"}],"curies":[{"name":"wp","href":"https:\/\/api.w.org\/{rel}","templated":true}]}}