{"id":125,"date":"2025-06-11T15:36:43","date_gmt":"2025-06-11T13:36:43","guid":{"rendered":"https:\/\/mediation-dessin.com\/?page_id=125"},"modified":"2025-08-05T08:54:04","modified_gmt":"2025-08-05T06:54:04","slug":"presentation","status":"publish","type":"page","link":"https:\/\/mediation-dessin.com\/?page_id=125","title":{"rendered":"Pr\u00e9sentation"},"content":{"rendered":"\n<p>Je suis une artiste ind\u00e9pendante, sp\u00e9cialis\u00e9e dans ce que j&rsquo;appelle le \u00ab\u00a0portrait d&rsquo;espace\u00a0\u00bb. Ce terme d\u00e9signe simplement ce que je produis lorsque je cr\u00e9e : un portrait des lieux que j&rsquo;observe, consignant les d\u00e9tails qui le d\u00e9finissent tout particuli\u00e8rement. <\/p>\n\n\n\n<h6 class=\"wp-block-heading\">Un mot sur ma d\u00e9marche :<\/h6>\n\n\n\n<p>Mon trait est s\u00fbr alors que tout est d\u00e9form\u00e9, ce qui renforce ma proposition : il n&rsquo;y a pas d&rsquo;erreur, tout est question d&rsquo;interpr\u00e9tation. Il ne s&rsquo;agit donc pas d&rsquo;un portrait ultrar\u00e9aliste, ni d&rsquo;un croquis d&rsquo;architecte, mais bien d&rsquo;un dessin vivant. Vivant parce que je m&rsquo;int\u00e9resse aux lieux de vie en particulier, et cela sans repr\u00e9senter les personnes, de fa\u00e7on volontaire.<\/p>\n\n\n\n<p>Ici un exemple de portrait d&rsquo;une maison de ma\u00eetre ancienne, habit\u00e9e aujourd&rsquo;hui par une famille (format A3) :<\/p>\n\n\n\n<p><\/p>\n\n\n\n<figure class=\"wp-block-gallery has-nested-images columns-default is-cropped wp-block-gallery-1 is-layout-flex wp-block-gallery-is-layout-flex\">\n<figure class=\"wp-block-image size-large\"><a href=\"https:\/\/mediation-dessin.com\/wp-content\/uploads\/2025\/06\/ThomasVDB-web.webp\"><img loading=\"lazy\" decoding=\"async\" width=\"768\" height=\"542\" data-id=\"122\" src=\"https:\/\/mediation-dessin.com\/wp-content\/uploads\/2025\/06\/ThomasVDB-web.webp\" alt=\"\" class=\"wp-image-122\" srcset=\"https:\/\/mediation-dessin.com\/wp-content\/uploads\/2025\/06\/ThomasVDB-web.webp 768w, https:\/\/mediation-dessin.com\/wp-content\/uploads\/2025\/06\/ThomasVDB-web-300x212.webp 300w\" sizes=\"auto, (max-width: 768px) 100vw, 768px\" \/><\/a><\/figure>\n<\/figure>\n\n\n\n<p><\/p>\n\n\n\n<p>Cette technique tr\u00e8s simple \u00e0 mettre en \u0153uvre est \u00e0 la port\u00e9e de toutes et tous : le mat\u00e9riel utilis\u00e9 se r\u00e9sume \u00e0 un stylo et une feuille. Il n&rsquo;y a pas de gomme.<\/p>\n\n\n\n<p>Apr\u00e8s plusieurs exp\u00e9riences avec un public vari\u00e9 (enfants, adolescents, adultes et s\u00e9niors, d\u00e9butants, pratiquants ou aguerris), je constate qu&rsquo;il est int\u00e9ressant pour celui-ci de repr\u00e9senter l&rsquo;espace qui l&rsquo;entoure.<\/p>\n\n\n\n<p>Ainsi, lors des ateliers que j&rsquo;anime, je propose de produire des portraits d&rsquo;espace. Je dessine en m\u00eame temps que les participant<strong>\u2e31<\/strong>es, et la parenth\u00e8se alors ouverte nous ancre dans le lieu observ\u00e9. Nous oublions les t\u00e9l\u00e9phones, les chamailleries et les tracas. Nous sommes concentr\u00e9<strong>\u2e31<\/strong>es et d\u00e9tendu<strong>\u2e31<\/strong>es dans un espace calme, et guid\u00e9<strong>\u2e31<\/strong>es par une artiste reconnue dans ce domaine (cf articles Mus\u00e9e H\u00e9bert, ENS de Lyon, interventions en \u00e9coles). <\/p>\n\n\n\n<p>Par ailleurs, je m&rsquo;adapte \u00e0 la sensibilit\u00e9 du groupe et des individus, puisque l&rsquo;id\u00e9e est de d\u00e9lier les mains qui \u00ab\u00a0ne savent pas dessiner\u00a0\u00bb, d\u00e9sinhiber les personnes qui \u00ab\u00a0ne comprennent rien aux perspectives\u00a0\u00bb tout en observant la beaut\u00e9 singuli\u00e8re du lieu dans lequel nous nous trouvons. Il s&rsquo;agit en quelque sorte d&rsquo;un cours de dessin lors duquel personne ne peut se tromper.<\/p>\n\n\n\n<p>D&rsquo;un point de vue p\u00e9dagogique, l&rsquo;outil dessin est int\u00e9ressant pour plusieurs raisons. D&rsquo;abord, il permet d&#8217;emporter avec soi une production personnelle particuli\u00e8re, valoris\u00e9e par des personnes d&rsquo;autorit\u00e9 dans le domaine, ce qui aide au d\u00e9veloppement de la confiance en soi. Ensuite, si l&rsquo;exp\u00e9rience est pouss\u00e9e jusqu&rsquo;\u00e0 la mise en place plus ou moins simple, d&rsquo;une exposition des \u0153uvres produites lors des ateliers (cf article Mus\u00e9e H\u00e9bert), le public devient acteur dans son mus\u00e9e, son centre culturel.<\/p>\n\n\n\n<p><\/p>\n","protected":false},"excerpt":{"rendered":"<p>Je suis une artiste ind\u00e9pendante, sp\u00e9cialis\u00e9e dans ce que j&rsquo;appelle le \u00ab\u00a0portrait d&rsquo;espace\u00a0\u00bb. Ce terme d\u00e9signe simplement ce que je produis lorsque je cr\u00e9e : un portrait des lieux que j&rsquo;observe, consignant les d\u00e9tails qui le d\u00e9finissent tout particuli\u00e8rement. Un mot sur ma d\u00e9marche : Mon trait est s\u00fbr alors que tout est d\u00e9form\u00e9, ce [&hellip;]<\/p>\n","protected":false},"author":1,"featured_media":0,"parent":0,"menu_order":0,"comment_status":"closed","ping_status":"closed","template":"","meta":{"footnotes":""},"class_list":["post-125","page","type-page","status-publish","hentry"],"_links":{"self":[{"href":"https:\/\/mediation-dessin.com\/index.php?rest_route=\/wp\/v2\/pages\/125","targetHints":{"allow":["GET"]}}],"collection":[{"href":"https:\/\/mediation-dessin.com\/index.php?rest_route=\/wp\/v2\/pages"}],"about":[{"href":"https:\/\/mediation-dessin.com\/index.php?rest_route=\/wp\/v2\/types\/page"}],"author":[{"embeddable":true,"href":"https:\/\/mediation-dessin.com\/index.php?rest_route=\/wp\/v2\/users\/1"}],"replies":[{"embeddable":true,"href":"https:\/\/mediation-dessin.com\/index.php?rest_route=%2Fwp%2Fv2%2Fcomments&post=125"}],"version-history":[{"count":19,"href":"https:\/\/mediation-dessin.com\/index.php?rest_route=\/wp\/v2\/pages\/125\/revisions"}],"predecessor-version":[{"id":483,"href":"https:\/\/mediation-dessin.com\/index.php?rest_route=\/wp\/v2\/pages\/125\/revisions\/483"}],"wp:attachment":[{"href":"https:\/\/mediation-dessin.com\/index.php?rest_route=%2Fwp%2Fv2%2Fmedia&parent=125"}],"curies":[{"name":"wp","href":"https:\/\/api.w.org\/{rel}","templated":true}]}}